{"id":458,"date":"2008-08-06T00:16:46","date_gmt":"2008-08-05T23:16:46","guid":{"rendered":"http:\/\/aqualog.aquadreams.pl\/?page_id=458"},"modified":"2016-08-29T11:43:04","modified_gmt":"2016-08-29T10:43:04","slug":"finals","status":"publish","type":"page","link":"https:\/\/aqualog.aquadreams.pl\/?page_id=458","title":{"rendered":"Fina\u0142y"},"content":{"rendered":"<p style=\"text-align: center;\">2010<\/p>\n<p style=\"text-align: center;\"><a href=\"http:\/\/aqualog.aquadreams.pl\/wp-content\/uploads\/BW375M_1.jpg\" rel=\"lightbox[roadtrip]\"><img loading=\"lazy\" decoding=\"async\" class=\"alignnone wp-image-931\" title=\"Black Water 375\" src=\"http:\/\/aqualog.aquadreams.pl\/wp-content\/uploads\/BW375M_1-300x96.jpg\" width=\"500\" height=\"161\" srcset=\"https:\/\/aqualog.aquadreams.pl\/wp-content\/uploads\/BW375M_1-300x96.jpg 300w, https:\/\/aqualog.aquadreams.pl\/wp-content\/uploads\/BW375M_1.jpg 1024w\" sizes=\"auto, (max-width: 500px) 100vw, 500px\" \/><\/a><\/p>\n<p style=\"text-align: center;\">Wpisy dotycz\u0105ce : <a title=\"BlackWater 375\" href=\"http:\/\/aqualog.aquadreams.pl\/?p=916\" target=\"_self\">BlackWater 375<\/a><\/p>\n<p style=\"text-align: center;\">2009<\/p>\n<p style=\"text-align: center;\"><a href=\"http:\/\/aqualog.aquadreams.pl\/wp-content\/uploads\/Malawi_0720_1_KM.jpg\" rel=\"lightbox[roadtrip]\"><img loading=\"lazy\" decoding=\"async\" class=\"alignnone wp-image-776\" title=\"Malaw 375 AGA 2009 Aquascaping Contest - 2nd Place \" src=\"http:\/\/aqualog.aquadreams.pl\/wp-content\/uploads\/Malawi_0720_1_KM-300x101.jpg\" width=\"500\" height=\"168\" srcset=\"https:\/\/aqualog.aquadreams.pl\/wp-content\/uploads\/Malawi_0720_1_KM-300x101.jpg 300w, https:\/\/aqualog.aquadreams.pl\/wp-content\/uploads\/Malawi_0720_1_KM.jpg 950w\" sizes=\"auto, (max-width: 500px) 100vw, 500px\" \/><\/a><\/p>\n<p style=\"text-align: center;\">Wpisy dotycz\u0105ce : <a title=\"Malawi 375 -AGA 2009 Aquascaping Contest - 2nd Place\" href=\"http:\/\/aqualog.aquadreams.pl\/?cat=38\" target=\"_self\">Malawi 375 -AGA 2009 Aquascaping Contest &#8211; 2nd Place<\/a><\/p>\n<p style=\"text-align: center;\"><a href=\"http:\/\/aqualog.aquadreams.pl\/wp-content\/uploads\/IAPLC_2009_Roots.jpg\"><img loading=\"lazy\" decoding=\"async\" class=\"alignnone wp-image-818\" title=\"IAPLC 2009 The roots\" src=\"http:\/\/aqualog.aquadreams.pl\/wp-content\/uploads\/IAPLC_2009_Roots-300x138.jpg\" width=\"500\" height=\"231\" srcset=\"https:\/\/aqualog.aquadreams.pl\/wp-content\/uploads\/IAPLC_2009_Roots-300x138.jpg 300w, https:\/\/aqualog.aquadreams.pl\/wp-content\/uploads\/IAPLC_2009_Roots-1024x472.jpg 1024w, https:\/\/aqualog.aquadreams.pl\/wp-content\/uploads\/IAPLC_2009_Roots.jpg 1300w\" sizes=\"auto, (max-width: 500px) 100vw, 500px\" \/><\/a><\/p>\n<p style=\"text-align: center;\">Wpisy dotycz\u0105ce : <a title=\"The Roots\" href=\"http:\/\/aqualog.aquadreams.pl\/?cat=36\" target=\"_self\">The Roots<\/a><\/p>\n<p style=\"text-align: center;\">2008<\/p>\n<p style=\"text-align: center;\"><a href=\"http:\/\/aqualog.aquadreams.pl\/wp-content\/uploads\/iaplc_2008_river1.jpg\"><img loading=\"lazy\" decoding=\"async\" class=\"wp-image-466\" src=\"http:\/\/aqualog.aquadreams.pl\/wp-content\/uploads\/iaplc_2008_river1-300x147.jpg\" alt=\"River of happiness\" width=\"400\" height=\"197\" srcset=\"https:\/\/aqualog.aquadreams.pl\/wp-content\/uploads\/iaplc_2008_river1-300x147.jpg 300w, https:\/\/aqualog.aquadreams.pl\/wp-content\/uploads\/iaplc_2008_river1.jpg 1300w\" sizes=\"auto, (max-width: 400px) 100vw, 400px\" \/><\/a><\/p>\n<p style=\"text-align: center;\">Wpisy dotycz\u0105ce : <a title=\"River of happiness\" href=\"http:\/\/aqualog.aquadreams.pl\/?cat=29\" target=\"_self\">River of happiness<\/a><\/p>\n<p style=\"text-align: center;\">2007-2008<\/p>\n<p style=\"text-align: center;\"><a href=\"http:\/\/aqualog.aquadreams.pl\/wp-content\/uploads\/iaplc_2008_ravine1.jpg\"><img loading=\"lazy\" decoding=\"async\" class=\"aligncenter wp-image-465\" title=\"iaplc_2008_ravine1\" src=\"http:\/\/aqualog.aquadreams.pl\/wp-content\/uploads\/iaplc_2008_ravine1-300x147.jpg\" width=\"500\" height=\"246\" srcset=\"https:\/\/aqualog.aquadreams.pl\/wp-content\/uploads\/iaplc_2008_ravine1-300x147.jpg 300w, https:\/\/aqualog.aquadreams.pl\/wp-content\/uploads\/iaplc_2008_ravine1.jpg 1300w\" sizes=\"auto, (max-width: 500px) 100vw, 500px\" \/><\/a><\/p>\n<p style=\"text-align: center;\">Wpisy dotycz\u0105ce : <a title=\"Ravine in arms\" href=\"http:\/\/aqualog.aquadreams.pl\/?cat=13\" target=\"_self\">Ravine in arms<\/a><\/p>\n<p style=\"text-align: center;\">2006-2007<\/p>\n<p style=\"text-align: center;\"><a href=\"http:\/\/aqualog.aquadreams.pl\/wp-content\/uploads\/sol_iaplc_2007.jpg\" rel=\"lightbox[roadtrip]\"><img loading=\"lazy\" decoding=\"async\" class=\"size-medium wp-image-665 aligncenter\" title=\"SOL - Final\" src=\"http:\/\/aqualog.aquadreams.pl\/wp-content\/uploads\/sol_iaplc_2007-300x225.jpg\" alt=\"SOL - Final\" width=\"300\" height=\"225\" srcset=\"https:\/\/aqualog.aquadreams.pl\/wp-content\/uploads\/sol_iaplc_2007-300x225.jpg 300w, https:\/\/aqualog.aquadreams.pl\/wp-content\/uploads\/sol_iaplc_2007.jpg 800w\" sizes=\"auto, (max-width: 300px) 100vw, 300px\" \/><\/a><\/p>\n<p style=\"text-align: center;\">Wpisy dotycz\u0105ce : <a title=\"Stop on the Lake\" href=\"http:\/\/aqualog.aquadreams.pl\/?cat=5\" target=\"_self\">Stop on the Lake<\/a><\/p>\n","protected":false},"excerpt":{"rendered":"<p>2010 Wpisy dotycz\u0105ce : BlackWater 375 2009 Wpisy dotycz\u0105ce : Malawi 375 -AGA 2009 Aquascaping Contest &#8211; 2nd Place Wpisy dotycz\u0105ce : The Roots 2008 Wpisy dotycz\u0105ce : River of happiness 2007-2008 Wpisy dotycz\u0105ce : Ravine in arms 2006-2007 Wpisy dotycz\u0105ce : Stop on the Lake<\/p>\n","protected":false},"author":2,"featured_media":0,"parent":0,"menu_order":0,"comment_status":"open","ping_status":"closed","template":"","meta":{"ngg_post_thumbnail":0,"jetpack_post_was_ever_published":false,"footnotes":""},"class_list":["post-458","page","type-page","status-publish","hentry"],"_links":{"self":[{"href":"https:\/\/aqualog.aquadreams.pl\/index.php?rest_route=\/wp\/v2\/pages\/458","targetHints":{"allow":["GET"]}}],"collection":[{"href":"https:\/\/aqualog.aquadreams.pl\/index.php?rest_route=\/wp\/v2\/pages"}],"about":[{"href":"https:\/\/aqualog.aquadreams.pl\/index.php?rest_route=\/wp\/v2\/types\/page"}],"author":[{"embeddable":true,"href":"https:\/\/aqualog.aquadreams.pl\/index.php?rest_route=\/wp\/v2\/users\/2"}],"replies":[{"embeddable":true,"href":"https:\/\/aqualog.aquadreams.pl\/index.php?rest_route=%2Fwp%2Fv2%2Fcomments&post=458"}],"version-history":[{"count":37,"href":"https:\/\/aqualog.aquadreams.pl\/index.php?rest_route=\/wp\/v2\/pages\/458\/revisions"}],"predecessor-version":[{"id":2297,"href":"https:\/\/aqualog.aquadreams.pl\/index.php?rest_route=\/wp\/v2\/pages\/458\/revisions\/2297"}],"wp:attachment":[{"href":"https:\/\/aqualog.aquadreams.pl\/index.php?rest_route=%2Fwp%2Fv2%2Fmedia&parent=458"}],"curies":[{"name":"wp","href":"https:\/\/api.w.org\/{rel}","templated":true}]}}